{"id":2150,"date":"2024-08-08T21:30:58","date_gmt":"2024-08-08T19:30:58","guid":{"rendered":"https:\/\/fruitsandfreedom.com\/home-2\/"},"modified":"2026-02-19T17:56:18","modified_gmt":"2026-02-19T16:56:18","slug":"home-2-2","status":"publish","type":"page","link":"https:\/\/fruitsandfreedom.com\/de\/","title":{"rendered":"Home"},"content":{"rendered":"<div class=\"wp-block-uagb-container uagb-block-4d1b1f31 alignfull uagb-is-root-container\"><div class=\"uagb-container-inner-blocks-wrap\">\n<div class=\"wp-block-uagb-info-box uagb-block-1b5c1cf5 uagb-infobox__content-wrap  uagb-infobox-icon-above-title uagb-infobox-image-valign-top wp-block-uagb-info-box--has-margin\"><div class=\"uagb-infobox-margin-wrapper\"><div class=\"uagb-ifb-content\"><div class=\"uagb-ifb-title-wrap\"><\/div><\/div><\/div><\/div>\n<\/div><\/div>\n\n\n\n<div class=\"wp-block-uagb-container uagb-block-833278c2 alignfull uagb-is-root-container\"><div class=\"uagb-container-inner-blocks-wrap\">\n<div class=\"wp-block-uagb-info-box uagb-block-94289c9e uagb-infobox__content-wrap  uagb-infobox-icon-above-title uagb-infobox-image-valign-top wp-block-uagb-info-box--has-margin\"><div class=\"uagb-infobox-margin-wrapper\"><div class=\"uagb-ifb-content\"><div class=\"uagb-ifb-title-wrap\"><h5 class=\"uagb-ifb-title-prefix\"><br>\u201eIn dem Moment, in dem du Mitgef\u00fchl f\u00fcr dich selbst empfindest, verbindest du dich mit dem, was hinter den Sternen liegt. Du verbindest dich mit dem Himmel. Du verbindest dich mit Gott. Und das bringt  Frieden.\u201c<br><\/h5><h4 class=\"uagb-ifb-title\"><br><br>                                Anthony William, Medical Medium\u00ae<\/h4><\/div><\/div><\/div><\/div>\n<\/div><\/div>\n\n\n\n<div class=\"wp-block-uagb-container uag-blocks-common-selector uagb-block-59249ba9 alignfull uagb-is-root-container\"><div class=\"uagb-container-inner-blocks-wrap\">\n<div class=\"wp-block-uagb-image aligncenter uagb-block-d09148dc wp-block-uagb-image--layout-default wp-block-uagb-image--effect-static wp-block-uagb-image--align-center alignleft uag-blocks-common-selector\" style=\"--z-index-desktop:1;;--z-index-tablet:undefined;;--z-index-mobile:undefined;\"><figure class=\"wp-block-uagb-image__figure\"><img decoding=\"async\" srcset=\"https:\/\/fruitsandfreedom.com\/wp-content\/uploads\/2024\/10\/FF.home_.hoch_.10.jpeg ,https:\/\/fruitsandfreedom.com\/wp-content\/uploads\/2024\/10\/FF.home_.hoch_.10.jpeg 780w, https:\/\/fruitsandfreedom.com\/wp-content\/uploads\/2024\/10\/FF.home_.hoch_.10.jpeg 360w\" sizes=\"auto, (max-width: 480px) 150px\" src=\"https:\/\/fruitsandfreedom.com\/wp-content\/uploads\/2024\/10\/FF.home_.hoch_.10.jpeg\" alt=\"Fruits &amp; Freedom\" class=\"uag-image-2583\" width=\"454\" height=\"632\" title=\"Fruits &amp; Freedom\" loading=\"lazy\" role=\"img\"\/><\/figure><\/div>\n\n\n\n<div class=\"wp-block-uagb-info-box uagb-block-d81dc4b0 uagb-infobox__content-wrap  uagb-infobox-icon-above-title uagb-infobox-image-valign-top wp-block-uagb-info-box--has-margin\"><div class=\"uagb-infobox-margin-wrapper\"><div class=\"uagb-ifb-content\"><div class=\"uagb-ifb-title-wrap\"><h3 class=\"uagb-ifb-title\">Hi...<\/h3><\/div><p class=\"uagb-ifb-desc translation-block\">Ich bin Sabine, die Autorin auf diesen Seiten. Freiheit ist meine st\u00e4rkste Antriebskraft im Leben. Fr\u00fcchte und Ern\u00e4hrung spielen dabei eine zentrale Rolle - und Schreiben liebe ich einfach. Also, lass uns das alles zusammenbringen und ein freies Leben kreieren. Komm gern mit, wenn du magst!<\/p><div class=\"uagb-ifb-button-wrapper wp-block-button\"><a href=\"#\" class=\"uagb-infobox-cta-link wp-block-button__link\" target=\"_self\" rel=\"noopener noreferrer\" onclick=\"return false;\"><svg xmlns=\"https:\/\/www.w3.org\/2000\/svg\" viewbox=\"0 0 448 512\"><path d=\"M438.6 278.6l-160 160C272.4 444.9 264.2 448 256 448s-16.38-3.125-22.62-9.375c-12.5-12.5-12.5-32.75 0-45.25L338.8 288H32C14.33 288 .0016 273.7 .0016 256S14.33 224 32 224h306.8l-105.4-105.4c-12.5-12.5-12.5-32.75 0-45.25s32.75-12.5 45.25 0l160 160C451.1 245.9 451.1 266.1 438.6 278.6z\"><\/path><\/svg><span class=\"uagb-inline-editing\">Mehr dazu \u2013 in K\u00fcrze<\/span><\/a><\/div><\/div><\/div><\/div>\n<\/div><\/div>\n\n\n\n<div class=\"wp-block-uagb-container uagb-block-d40eb26c alignfull uagb-is-root-container\"><div class=\"uagb-container-inner-blocks-wrap\">\n<div class=\"wp-block-uagb-info-box uagb-block-5f3c66c3 uagb-infobox__content-wrap  uagb-infobox-icon-above-title uagb-infobox-image-valign-top wp-block-uagb-info-box--has-margin\"><div class=\"uagb-infobox-margin-wrapper\"><div class=\"uagb-ifb-content\"><div class=\"uagb-ifb-title-wrap\"><h2 class=\"uagb-ifb-title\">Ich liebe es Menschen auf ihrem Weg in die Freiheit zu begleiten.<\/h2><\/div><\/div><\/div><\/div>\n\n\n\n<div class=\"wp-block-uagb-container uagb-block-ce5fba55\">\n<div class=\"wp-block-uagb-image uagb-block-8e1acd29 wp-block-uagb-image--layout-default wp-block-uagb-image--effect-static wp-block-uagb-image--align-none\"><figure class=\"wp-block-uagb-image__figure\"><img decoding=\"async\" srcset=\"https:\/\/fruitsandfreedom.com\/wp-content\/uploads\/2024\/10\/Kokospalme.1.jpeg ,https:\/\/fruitsandfreedom.com\/wp-content\/uploads\/2024\/10\/Kokospalme.1.jpeg 780w, https:\/\/fruitsandfreedom.com\/wp-content\/uploads\/2024\/10\/Kokospalme.1.jpeg 360w\" sizes=\"auto, (max-width: 480px) 150px\" src=\"https:\/\/fruitsandfreedom.com\/wp-content\/uploads\/2024\/10\/Kokospalme.1.jpeg\" alt=\"Kokospalme\" class=\"uag-image-2624\" width=\"380\" height=\"500\" title=\"Kokospalme\" loading=\"lazy\" role=\"img\"\/><\/figure><\/div>\n\n\n\n<div class=\"wp-block-uagb-image uagb-block-d5ec4157 wp-block-uagb-image--layout-default wp-block-uagb-image--effect-static wp-block-uagb-image--align-none\"><figure class=\"wp-block-uagb-image__figure\"><img decoding=\"async\" srcset=\"https:\/\/fruitsandfreedom.com\/wp-content\/uploads\/2024\/11\/Blueberries.2.jpeg ,https:\/\/fruitsandfreedom.com\/wp-content\/uploads\/2024\/11\/Blueberries.2.jpeg 780w, https:\/\/fruitsandfreedom.com\/wp-content\/uploads\/2024\/11\/Blueberries.2.jpeg 360w\" sizes=\"auto, (max-width: 480px) 150px\" src=\"https:\/\/fruitsandfreedom.com\/wp-content\/uploads\/2024\/11\/Blueberries.2.jpeg\" alt=\"\" class=\"uag-image-2641\" width=\"380\" height=\"590\" title=\"Blueberries\" loading=\"lazy\" role=\"img\"\/><\/figure><\/div>\n\n\n\n<div class=\"wp-block-uagb-image uagb-block-bcd281ad wp-block-uagb-image--layout-default wp-block-uagb-image--effect-static wp-block-uagb-image--align-none\"><figure class=\"wp-block-uagb-image__figure\"><img decoding=\"async\" srcset=\"https:\/\/fruitsandfreedom.com\/wp-content\/uploads\/2024\/11\/Bananen.3.jpeg ,https:\/\/fruitsandfreedom.com\/wp-content\/uploads\/2024\/11\/Bananen.3.jpeg 780w, https:\/\/fruitsandfreedom.com\/wp-content\/uploads\/2024\/11\/Bananen.3.jpeg 360w\" sizes=\"auto, (max-width: 480px) 150px\" src=\"https:\/\/fruitsandfreedom.com\/wp-content\/uploads\/2024\/11\/Bananen.3.jpeg\" alt=\"Bananas\" class=\"uag-image-2639\" width=\"380\" height=\"635\" title=\"Bananas\" loading=\"lazy\" role=\"img\"\/><\/figure><\/div>\n\n\n\n<div class=\"wp-block-uagb-image uagb-block-5545ccf8 wp-block-uagb-image--layout-default wp-block-uagb-image--effect-static wp-block-uagb-image--align-none\"><figure class=\"wp-block-uagb-image__figure\"><img decoding=\"async\" srcset=\"https:\/\/fruitsandfreedom.com\/wp-content\/uploads\/2024\/10\/Fruechtehut.4.jpeg ,https:\/\/fruitsandfreedom.com\/wp-content\/uploads\/2024\/10\/Fruechtehut.4.jpeg 780w, https:\/\/fruitsandfreedom.com\/wp-content\/uploads\/2024\/10\/Fruechtehut.4.jpeg 360w\" sizes=\"auto, (max-width: 480px) 150px\" src=\"https:\/\/fruitsandfreedom.com\/wp-content\/uploads\/2024\/10\/Fruechtehut.4.jpeg\" alt=\"Fruits &amp; Freedom\" class=\"uag-image-2626\" width=\"285\" height=\"409\" title=\"Fruits &amp; Freedom\" loading=\"lazy\" role=\"img\"\/><\/figure><\/div>\n<\/div>\n\n\n\n<div class=\"wp-block-uagb-container uagb-block-2b8c3b86\">\n<div class=\"wp-block-uagb-info-box uagb-block-69fe5234 uagb-infobox__content-wrap  uagb-infobox-icon-left uagb-infobox-left uagb-infobox-stacked-mobile uagb-infobox-image-valign-top\"><div class=\"uagb-ifb-image-content\"><img decoding=\"async\" src=\"http:\/\/fruitsandfreedom.com\/wp-content\/uploads\/2022\/10\/01-free-img.png\" alt=\"\" width=\"50\" height=\"34\" loading=\"lazy\"\/><\/div><div class=\"uagb-ifb-content\"><div class=\"uagb-ifb-title-wrap\"><h3 class=\"uagb-ifb-title\">Blog<\/h3><\/div><p class=\"uagb-ifb-desc\">F\u00fcr alle, die nach Freiheit suchen<\/p><\/div><\/div>\n\n\n\n<div class=\"wp-block-uagb-info-box uagb-block-40f04281 uagb-infobox__content-wrap  uagb-infobox-icon-left uagb-infobox-left uagb-infobox-stacked-mobile uagb-infobox-image-valign-top\"><div class=\"uagb-ifb-image-content\"><img decoding=\"async\" src=\"http:\/\/fruitsandfreedom.com\/wp-content\/uploads\/2022\/10\/02.png\" alt=\"\" width=\"50\" height=\"34\" loading=\"lazy\"\/><\/div><div class=\"uagb-ifb-content\"><div class=\"uagb-ifb-title-wrap\"><h3 class=\"uagb-ifb-title\">Anthony William <\/h3><\/div><p class=\"uagb-ifb-desc\">Wie Ern\u00e4hrung zu ultimativer Freiheit f\u00fchren kann.<\/p><\/div><\/div>\n\n\n\n<div class=\"wp-block-uagb-info-box uagb-block-5be103c7 uagb-infobox__content-wrap  uagb-infobox-icon-left uagb-infobox-left uagb-infobox-stacked-mobile uagb-infobox-image-valign-top\"><div class=\"uagb-ifb-image-content\"><img decoding=\"async\" src=\"http:\/\/fruitsandfreedom.com\/wp-content\/uploads\/2023\/12\/03.png\" alt=\"\" width=\"50\" height=\"33\" loading=\"lazy\"\/><\/div><div class=\"uagb-ifb-content\"><div class=\"uagb-ifb-title-wrap\"><h3 class=\"uagb-ifb-title\">Services<\/h3><\/div><p class=\"uagb-ifb-desc\">Bald verf\u00fcgbar<\/p><\/div><\/div>\n<\/div>\n\n\n\n<p><\/p>\n\n\n\n\t\t\t<div class=\"wp-block-uagb-post-carousel uagb-post-grid  uagb-post__image-position-top uagb-post__image-enabled uagb-block-61a9e53a     uagb-post__arrow-outside uagb-post__items uagb-post__columns-3 is-carousel uagb-post__columns-tablet-2 uagb-post__columns-mobile-1\" data-total=\"1\" style=\"\">\n\n\t\t\t\t\t\t\t\t\t\t\t\t<article class=\"uagb-post__inner-wrap\">\t\t\t\t\t\t\t\t<div class='uagb-post__image'>\n\t\t\t\t\t\t\t\t\t<a href=\"https:\/\/fruitsandfreedom.com\/de\/fruechteliebe-warum-sie-freiheit-schenkt\/\" target=\"_self\" rel=\"bookmark noopener noreferrer\"><img loading=\"lazy\" decoding=\"async\" width=\"1024\" height=\"682\" src=\"https:\/\/fruitsandfreedom.com\/wp-content\/uploads\/2025\/07\/Fruitlove.blog_-1024x682.jpeg\" class=\"attachment-large size-large\" alt=\"Fr\u00fcchteliebe\" srcset=\"https:\/\/fruitsandfreedom.com\/wp-content\/uploads\/2025\/07\/Fruitlove.blog_-1024x682.jpeg 1024w, https:\/\/fruitsandfreedom.com\/wp-content\/uploads\/2025\/07\/Fruitlove.blog_-300x200.jpeg 300w, https:\/\/fruitsandfreedom.com\/wp-content\/uploads\/2025\/07\/Fruitlove.blog_-768x512.jpeg 768w, https:\/\/fruitsandfreedom.com\/wp-content\/uploads\/2025\/07\/Fruitlove.blog_-1536x1024.jpeg 1536w, https:\/\/fruitsandfreedom.com\/wp-content\/uploads\/2025\/07\/Fruitlove.blog_.jpeg 1685w\" sizes=\"auto, (max-width: 1024px) 100vw, 1024px\" \/>\t\t\t\t\t<\/a>\n\t\t\t\t\t\t\t\t\t<\/div>\n\t\t\t\t\t\t<h4 class=\"uagb-post__title uagb-post__text\">\n\t\t\t\t<a href=\"https:\/\/fruitsandfreedom.com\/de\/fruechteliebe-warum-sie-freiheit-schenkt\/\" target=\"_self\" rel=\"bookmark noopener noreferrer\">Fr\u00fcchteliebe - Und warum sie mir Freiheit schenkt<\/a>\n\t\t\t<\/h4>\n\t\t\t\t\t\t<div class='uagb-post__text uagb-post-grid-byline'>\n\t\t\t\t\t\t\t\t<time datetime=\"2025-08-24T17:48:55+02:00\" class=\"uagb-post__date\">\n\t\t\t\t<span class=\"dashicons-calendar dashicons\"><\/span>\t\t\t\t\t24. August 2025\t\t\t\t<\/time>\n\t\t\t\t\t\t\t<span class=\"uagb-post__comment\">\n\t\t\t\t<span class=\"dashicons-admin-comments dashicons\"><\/span>\t\t\t\t\t10\u00a0Kommentare\t\t\t\t<\/span>\n\t\t\t\t\t\t<\/div>\n\t\t\t\t\t\t\t<div class='uagb-post__text uagb-post__excerpt'>\n\t\t\t\t\tWenn ich an Fr\u00fcchte denke, passiert etwas in mir \u2013 ich f\u00fchle mich frei und lebendig.\t\t\t\t<\/div>\n\t\t\t\t\t\t<div class=\"uagb-post__text uagb-post__cta wp-block-button\">\n\t\t\t\t<a class=\"wp-block-button__link uagb-text-link\" style=\"\" href=\"https:\/\/fruitsandfreedom.com\/de\/fruechteliebe-warum-sie-freiheit-schenkt\/\" target=\"_self\" rel=\"bookmark noopener noreferrer\">Weiterlesen<\/a>\n\t\t\t<\/div>\n\t\t\t\n\t\t\t\t\t\t\t\t\t<\/article>\n\t\t\t\t\t\t\t\t\t\t\t<\/div>\n\t\t\t<\/div><\/div>\n\n\n\n<div class=\"wp-block-uagb-container uagb-block-3601c8e4 alignfull uagb-is-root-container\"><div class=\"uagb-container-inner-blocks-wrap\">\n<blockquote class=\"wp-block-quote is-style-default is-layout-flow wp-container-core-quote-is-layout-8a368f38 wp-block-quote-is-layout-flow\">\n<p class=\"has-text-align-center has-ast-global-color-5-color has-text-color has-link-color wp-elements-807ab8826db10a325cf3634597e701cd\" style=\"font-size:22px\">\u201eWenn deine Zeit hier endet, sollte deine Seele ausreichend intakt sein, um ihre Reise jenseits der Sterne zu \u00fcberstehen \u2013 wo Gott sie empfangen wird.\"<\/p>\n\n\n\n<p class=\"has-ast-global-color-5-color has-text-color has-link-color wp-elements-39b305b4625aee069fc36b562ef26870\" style=\"font-size:16px\">                                                                   Anthony William, Medical Medium\u00ae<\/p>\n\n\n\n<p><\/p>\n<\/blockquote>\n<\/div><\/div>\n\n\n\n<div class=\"wp-block-uagb-container uagb-block-0e430db2 alignfull uagb-is-root-container\"><div class=\"uagb-container-inner-blocks-wrap\"><\/div><\/div>\n\n\n\n<div class=\"wp-block-uagb-container uagb-block-848e69da alignfull uagb-is-root-container\"><div class=\"uagb-container-inner-blocks-wrap\">\n<div class=\"wp-block-uagb-info-box uagb-block-69a39411 uagb-infobox__content-wrap  uagb-infobox-icon-above-title uagb-infobox-image-valign-top wp-block-uagb-info-box--has-margin\"><div class=\"uagb-infobox-margin-wrapper\"><div class=\"uagb-ifb-content\"><div class=\"uagb-ifb-title-wrap\"><div class=\"uagb-ifb-separator\"><\/div><h2 class=\"uagb-ifb-title\">Say Hello<\/h2><\/div><div class=\"uagb-ifb-button-wrapper wp-block-button\"><a href=\"https:\/\/fruitsandfreedom.com\/de\/contact\/\" class=\"uagb-infobox-cta-link wp-block-button__link\" target=\"_self\" rel=\"noopener noreferrer\" onclick=\"return true;\"><span class=\"uagb-inline-editing\">Contact<\/span><svg xmlns=\"https:\/\/www.w3.org\/2000\/svg\" viewbox=\"0 0 448 512\"><path d=\"M438.6 278.6l-160 160C272.4 444.9 264.2 448 256 448s-16.38-3.125-22.62-9.375c-12.5-12.5-12.5-32.75 0-45.25L338.8 288H32C14.33 288 .0016 273.7 .0016 256S14.33 224 32 224h306.8l-105.4-105.4c-12.5-12.5-12.5-32.75 0-45.25s32.75-12.5 45.25 0l160 160C451.1 245.9 451.1 266.1 438.6 278.6z\"><\/path><\/svg><\/a><\/div><\/div><\/div><\/div>\n<\/div><\/div>\n\n\n\n<p><\/p>","protected":false},"excerpt":{"rendered":"<p>&#8220;When your time here ends, your soul should be sufficiently intact to survive its journey beyond the stars, where God will receive it.&#8221; Anthony William, Medical Medium\u00ae<\/p>","protected":false},"author":1,"featured_media":0,"parent":0,"menu_order":0,"comment_status":"closed","ping_status":"closed","template":"","meta":{"_uag_custom_page_level_css":"","site-sidebar-layout":"default","site-content-layout":"page-builder","ast-site-content-layout":"full-width-container","site-content-style":"unboxed","site-sidebar-style":"unboxed","ast-global-header-display":"","ast-banner-title-visibility":"","ast-main-header-display":"","ast-hfb-above-header-display":"","ast-hfb-below-header-display":"","ast-hfb-mobile-header-display":"","site-post-title":"disabled","ast-breadcrumbs-content":"","ast-featured-img":"","footer-sml-layout":"","ast-disable-related-posts":"","theme-transparent-header-meta":"","adv-header-id-meta":"","stick-header-meta":"","header-above-stick-meta":"","header-main-stick-meta":"","header-below-stick-meta":"","astra-migrate-meta-layouts":"set","ast-page-background-enabled":"default","ast-page-background-meta":{"desktop":{"background-color":"","background-image":"","background-repeat":"repeat","background-position":"center center","background-size":"auto","background-attachment":"scroll","background-type":"","background-media":"","overlay-type":"","overlay-color":"","overlay-opacity":"","overlay-gradient":""},"tablet":{"background-color":"","background-image":"","background-repeat":"repeat","background-position":"center center","background-size":"auto","background-attachment":"scroll","background-type":"","background-media":"","overlay-type":"","overlay-color":"","overlay-opacity":"","overlay-gradient":""},"mobile":{"background-color":"","background-image":"","background-repeat":"repeat","background-position":"center center","background-size":"auto","background-attachment":"scroll","background-type":"","background-media":"","overlay-type":"","overlay-color":"","overlay-opacity":"","overlay-gradient":""}},"ast-content-background-meta":{"desktop":{"background-color":"var(--ast-global-color-5)","background-image":"","background-repeat":"repeat","background-position":"center center","background-size":"auto","background-attachment":"scroll","background-type":"","background-media":"","overlay-type":"","overlay-color":"","overlay-opacity":"","overlay-gradient":""},"tablet":{"background-color":"var(--ast-global-color-5)","background-image":"","background-repeat":"repeat","background-position":"center center","background-size":"auto","background-attachment":"scroll","background-type":"","background-media":"","overlay-type":"","overlay-color":"","overlay-opacity":"","overlay-gradient":""},"mobile":{"background-color":"var(--ast-global-color-5)","background-image":"","background-repeat":"repeat","background-position":"center center","background-size":"auto","background-attachment":"scroll","background-type":"","background-media":"","overlay-type":"","overlay-color":"","overlay-opacity":"","overlay-gradient":""}},"footnotes":""},"class_list":["post-2150","page","type-page","status-publish","hentry"],"yoast_head":"<!-- This site is optimized with the Yoast SEO plugin v27.3 - https:\/\/yoast.com\/product\/yoast-seo-wordpress\/ -->\n<title>Home - FRUITS &amp; FREEDOM<\/title>\n<meta name=\"robots\" content=\"index, follow, max-snippet:-1, max-image-preview:large, max-video-preview:-1\" \/>\n<link rel=\"canonical\" href=\"https:\/\/fruitsandfreedom.com\/de\/\" \/>\n<meta property=\"og:locale\" content=\"de_DE\" \/>\n<meta property=\"og:type\" content=\"article\" \/>\n<meta property=\"og:title\" content=\"Home - FRUITS &amp; FREEDOM\" \/>\n<meta property=\"og:description\" content=\"&#8220;When your time here ends, your soul should be sufficiently intact to survive its journey beyond the stars, where God will receive it.&#8221; Anthony William, Medical Medium\u00ae\" \/>\n<meta property=\"og:url\" content=\"https:\/\/fruitsandfreedom.com\/de\/\" \/>\n<meta property=\"og:site_name\" content=\"FRUITS &amp; FREEDOM\" \/>\n<meta property=\"article:modified_time\" content=\"2026-02-19T16:56:18+00:00\" \/>\n<meta property=\"og:image\" content=\"http:\/\/fruitsandfreedom.com\/wp-content\/uploads\/2024\/10\/FF.home_.hoch_.10.jpeg\" \/>\n<meta name=\"twitter:card\" content=\"summary_large_image\" \/>\n<meta name=\"twitter:label1\" content=\"Gesch\u00e4tzte Lesezeit\" \/>\n\t<meta name=\"twitter:data1\" content=\"3\u00a0Minuten\" \/>\n<script type=\"application\/ld+json\" class=\"yoast-schema-graph\">{\"@context\":\"https:\\\/\\\/schema.org\",\"@graph\":[{\"@type\":\"WebPage\",\"@id\":\"https:\\\/\\\/fruitsandfreedom.com\\\/\",\"url\":\"https:\\\/\\\/fruitsandfreedom.com\\\/\",\"name\":\"Home - FRUITS &amp; FREEDOM\",\"isPartOf\":{\"@id\":\"https:\\\/\\\/fruitsandfreedom.com\\\/#website\"},\"primaryImageOfPage\":{\"@id\":\"https:\\\/\\\/fruitsandfreedom.com\\\/#primaryimage\"},\"image\":{\"@id\":\"https:\\\/\\\/fruitsandfreedom.com\\\/#primaryimage\"},\"thumbnailUrl\":\"http:\\\/\\\/fruitsandfreedom.com\\\/wp-content\\\/uploads\\\/2024\\\/10\\\/FF.home_.hoch_.10.jpeg\",\"datePublished\":\"2024-08-08T19:30:58+00:00\",\"dateModified\":\"2026-02-19T16:56:18+00:00\",\"breadcrumb\":{\"@id\":\"https:\\\/\\\/fruitsandfreedom.com\\\/#breadcrumb\"},\"inLanguage\":\"de\",\"potentialAction\":[{\"@type\":\"ReadAction\",\"target\":[\"https:\\\/\\\/fruitsandfreedom.com\\\/\"]}]},{\"@type\":\"ImageObject\",\"inLanguage\":\"de\",\"@id\":\"https:\\\/\\\/fruitsandfreedom.com\\\/#primaryimage\",\"url\":\"http:\\\/\\\/fruitsandfreedom.com\\\/wp-content\\\/uploads\\\/2024\\\/10\\\/FF.home_.hoch_.10.jpeg\",\"contentUrl\":\"http:\\\/\\\/fruitsandfreedom.com\\\/wp-content\\\/uploads\\\/2024\\\/10\\\/FF.home_.hoch_.10.jpeg\"},{\"@type\":\"BreadcrumbList\",\"@id\":\"https:\\\/\\\/fruitsandfreedom.com\\\/#breadcrumb\",\"itemListElement\":[{\"@type\":\"ListItem\",\"position\":1,\"name\":\"Startseite\",\"item\":\"https:\\\/\\\/fruitsandfreedom.com\\\/\"},{\"@type\":\"ListItem\",\"position\":2,\"name\":\"Home\"}]},{\"@type\":\"WebSite\",\"@id\":\"https:\\\/\\\/fruitsandfreedom.com\\\/#website\",\"url\":\"https:\\\/\\\/fruitsandfreedom.com\\\/\",\"name\":\"FRUITS & FREEDOM\",\"description\":\"\",\"publisher\":{\"@id\":\"https:\\\/\\\/fruitsandfreedom.com\\\/#organization\"},\"potentialAction\":[{\"@type\":\"SearchAction\",\"target\":{\"@type\":\"EntryPoint\",\"urlTemplate\":\"https:\\\/\\\/fruitsandfreedom.com\\\/?s={search_term_string}\"},\"query-input\":{\"@type\":\"PropertyValueSpecification\",\"valueRequired\":true,\"valueName\":\"search_term_string\"}}],\"inLanguage\":\"de\"},{\"@type\":\"Organization\",\"@id\":\"https:\\\/\\\/fruitsandfreedom.com\\\/#organization\",\"name\":\"FRUITS & FREEDOM\",\"url\":\"https:\\\/\\\/fruitsandfreedom.com\\\/\",\"logo\":{\"@type\":\"ImageObject\",\"inLanguage\":\"de\",\"@id\":\"https:\\\/\\\/fruitsandfreedom.com\\\/#\\\/schema\\\/logo\\\/image\\\/\",\"url\":\"https:\\\/\\\/fruitsandfreedom.com\\\/wp-content\\\/uploads\\\/2024\\\/07\\\/cropped-cropped-cropped-Black-Handwritten-Signature-Studio-Logo-2-1.png\",\"contentUrl\":\"https:\\\/\\\/fruitsandfreedom.com\\\/wp-content\\\/uploads\\\/2024\\\/07\\\/cropped-cropped-cropped-Black-Handwritten-Signature-Studio-Logo-2-1.png\",\"width\":338,\"height\":136,\"caption\":\"FRUITS & FREEDOM\"},\"image\":{\"@id\":\"https:\\\/\\\/fruitsandfreedom.com\\\/#\\\/schema\\\/logo\\\/image\\\/\"}}]}<\/script>\n<!-- \/ Yoast SEO plugin. -->","yoast_head_json":{"title":"Home - FRUITS &amp; FREEDOM","robots":{"index":"index","follow":"follow","max-snippet":"max-snippet:-1","max-image-preview":"max-image-preview:large","max-video-preview":"max-video-preview:-1"},"canonical":"https:\/\/fruitsandfreedom.com\/de\/","og_locale":"de_DE","og_type":"article","og_title":"Home - FRUITS &amp; FREEDOM","og_description":"&#8220;When your time here ends, your soul should be sufficiently intact to survive its journey beyond the stars, where God will receive it.&#8221; Anthony William, Medical Medium\u00ae","og_url":"https:\/\/fruitsandfreedom.com\/de\/","og_site_name":"FRUITS &amp; FREEDOM","article_modified_time":"2026-02-19T16:56:18+00:00","og_image":[{"url":"http:\/\/fruitsandfreedom.com\/wp-content\/uploads\/2024\/10\/FF.home_.hoch_.10.jpeg","type":"","width":"","height":""}],"twitter_card":"summary_large_image","twitter_misc":{"Gesch\u00e4tzte Lesezeit":"3\u00a0Minuten"},"schema":{"@context":"https:\/\/schema.org","@graph":[{"@type":"WebPage","@id":"https:\/\/fruitsandfreedom.com\/","url":"https:\/\/fruitsandfreedom.com\/","name":"Home - FRUITS &amp; FREEDOM","isPartOf":{"@id":"https:\/\/fruitsandfreedom.com\/#website"},"primaryImageOfPage":{"@id":"https:\/\/fruitsandfreedom.com\/#primaryimage"},"image":{"@id":"https:\/\/fruitsandfreedom.com\/#primaryimage"},"thumbnailUrl":"http:\/\/fruitsandfreedom.com\/wp-content\/uploads\/2024\/10\/FF.home_.hoch_.10.jpeg","datePublished":"2024-08-08T19:30:58+00:00","dateModified":"2026-02-19T16:56:18+00:00","breadcrumb":{"@id":"https:\/\/fruitsandfreedom.com\/#breadcrumb"},"inLanguage":"de","potentialAction":[{"@type":"ReadAction","target":["https:\/\/fruitsandfreedom.com\/"]}]},{"@type":"ImageObject","inLanguage":"de","@id":"https:\/\/fruitsandfreedom.com\/#primaryimage","url":"http:\/\/fruitsandfreedom.com\/wp-content\/uploads\/2024\/10\/FF.home_.hoch_.10.jpeg","contentUrl":"http:\/\/fruitsandfreedom.com\/wp-content\/uploads\/2024\/10\/FF.home_.hoch_.10.jpeg"},{"@type":"BreadcrumbList","@id":"https:\/\/fruitsandfreedom.com\/#breadcrumb","itemListElement":[{"@type":"ListItem","position":1,"name":"Startseite","item":"https:\/\/fruitsandfreedom.com\/"},{"@type":"ListItem","position":2,"name":"Home"}]},{"@type":"WebSite","@id":"https:\/\/fruitsandfreedom.com\/#website","url":"https:\/\/fruitsandfreedom.com\/","name":"FRUITS & FREEDOM","description":"","publisher":{"@id":"https:\/\/fruitsandfreedom.com\/#organization"},"potentialAction":[{"@type":"SearchAction","target":{"@type":"EntryPoint","urlTemplate":"https:\/\/fruitsandfreedom.com\/?s={search_term_string}"},"query-input":{"@type":"PropertyValueSpecification","valueRequired":true,"valueName":"search_term_string"}}],"inLanguage":"de"},{"@type":"Organization","@id":"https:\/\/fruitsandfreedom.com\/#organization","name":"FRUITS & FREEDOM","url":"https:\/\/fruitsandfreedom.com\/","logo":{"@type":"ImageObject","inLanguage":"de","@id":"https:\/\/fruitsandfreedom.com\/#\/schema\/logo\/image\/","url":"https:\/\/fruitsandfreedom.com\/wp-content\/uploads\/2024\/07\/cropped-cropped-cropped-Black-Handwritten-Signature-Studio-Logo-2-1.png","contentUrl":"https:\/\/fruitsandfreedom.com\/wp-content\/uploads\/2024\/07\/cropped-cropped-cropped-Black-Handwritten-Signature-Studio-Logo-2-1.png","width":338,"height":136,"caption":"FRUITS & FREEDOM"},"image":{"@id":"https:\/\/fruitsandfreedom.com\/#\/schema\/logo\/image\/"}}]}},"uagb_featured_image_src":{"full":false,"thumbnail":false,"medium":false,"medium_large":false,"large":false,"1536x1536":false,"2048x2048":false,"trp-custom-language-flag":false},"uagb_author_info":{"display_name":"Fruits and Freedom","author_link":"https:\/\/fruitsandfreedom.com\/de\/author\/fruitsandfreedom\/"},"uagb_comment_info":0,"uagb_excerpt":"&#8220;When your time here ends, your soul should be sufficiently intact to survive its journey beyond the stars, where God will receive it.&#8221; Anthony William, Medical Medium\u00ae","_links":{"self":[{"href":"https:\/\/fruitsandfreedom.com\/de\/wp-json\/wp\/v2\/pages\/2150","targetHints":{"allow":["GET"]}}],"collection":[{"href":"https:\/\/fruitsandfreedom.com\/de\/wp-json\/wp\/v2\/pages"}],"about":[{"href":"https:\/\/fruitsandfreedom.com\/de\/wp-json\/wp\/v2\/types\/page"}],"author":[{"embeddable":true,"href":"https:\/\/fruitsandfreedom.com\/de\/wp-json\/wp\/v2\/users\/1"}],"replies":[{"embeddable":true,"href":"https:\/\/fruitsandfreedom.com\/de\/wp-json\/wp\/v2\/comments?post=2150"}],"version-history":[{"count":9,"href":"https:\/\/fruitsandfreedom.com\/de\/wp-json\/wp\/v2\/pages\/2150\/revisions"}],"predecessor-version":[{"id":2764,"href":"https:\/\/fruitsandfreedom.com\/de\/wp-json\/wp\/v2\/pages\/2150\/revisions\/2764"}],"wp:attachment":[{"href":"https:\/\/fruitsandfreedom.com\/de\/wp-json\/wp\/v2\/media?parent=2150"}],"curies":[{"name":"wp","href":"https:\/\/api.w.org\/{rel}","templated":true}]}}