{"id":2476,"date":"2024-09-23T14:12:46","date_gmt":"2024-09-23T12:12:46","guid":{"rendered":"https:\/\/fruitsandfreedom.com\/?page_id=2476"},"modified":"2024-09-23T14:56:09","modified_gmt":"2024-09-23T12:56:09","slug":"impressum","status":"publish","type":"page","link":"https:\/\/fruitsandfreedom.com\/de\/impressum\/","title":{"rendered":"Impressum"},"content":{"rendered":"\n<p><br>Sabine Menzel<br>Vondelstr. 50<br>50677 K\u00f6ln<\/p>\n\n\n\n<p><br><strong>Kontakt<\/strong><br>Telefon: [Telefonnummer]<br>E-Mail: sabine@fruitsandfreedom.com<\/p>\n\n\n\n<p><br><strong>Redaktionell verantwortlich<\/strong><br>Sabine Menzel<\/p>\n\n\n\n<p><br><strong>EU-Streitschlichtung<\/strong><br>Die Europ\u00e4ische Kommission stellt eine Plattform zur Online-Streitbeilegung (OS) bereit:<br>https:\/\/ec.europa.eu\/consumers\/odr\/.<br>Unsere E-Mail-Adresse finden Sie oben im Impressum.<\/p>\n\n\n\n<p><br>Verbraucherstreitbeilegung\/Universalschlichtungsstelle<br>Wir sind nicht bereit oder verpflichtet, an Streitbeilegungsverfahren vor einer<br>Verbraucherschlichtungsstelle teilzunehmen.<\/p>\n\n\n\n<p><br><strong>Quelle:<\/strong><br>eRecht24<\/p>\n\n\n\n<p><strong>Bildquellen<\/strong> <\/p>\n\n\n\n<p>Die Bilder sind entweder von mir und unterliegen dem Urheberrecht. &nbsp;Bilder d\u00fcrfen nur mit meiner ausdr\u00fccklichen Genehmigung weiter verwendet werden. Des weiteren werden Bilder von kostenlosen Stockanbietern genutzt und besitzen eine g\u00fcltige und weltweite CC Lizenz zur kommerziellen Nutzung und Verwertung.<\/p>\n\n\n\n<h3 class=\"wp-block-heading\">Disclaimer Informationen<\/h3>\n\n\n\n<p>Diese Webseite, deren Inhalte sowie alle zugeh\u00f6rigen Materialien sind ausschlie\u00dflich f\u00fcr den Erfahrungsaustausch und f\u00fcr allgemeine Informationszwecke bestimmt. Sie dienen weder als Ersatz f\u00fcr die Konsultation eines Arztes oder Heilpraktikers noch als Ersatz f\u00fcr eine medizinische Beratung, Diagnose und Behandlung. Eventuelle Ver\u00e4nderungen der Lebensweise m\u00fcssen mit einem Arzt oder Heilpraktiker besprochen werden.<\/p>\n\n\n\n<p><\/p>\n\n\n\n<p><\/p>\n\n\n\n<p><\/p>\n","protected":false},"excerpt":{"rendered":"<p>Sabine MenzelVondelstr. 5050677 K\u00f6ln KontaktTelefon: [Telefonnummer]E-Mail: sabine@fruitsandfreedom.com Redaktionell verantwortlichSabine Menzel EU-StreitschlichtungDie Europ\u00e4ische Kommission stellt eine Plattform zur Online-Streitbeilegung (OS) bereit:https:\/\/ec.europa.eu\/consumers\/odr\/.Unsere E-Mail-Adresse finden Sie oben im Impressum. Verbraucherstreitbeilegung\/UniversalschlichtungsstelleWir sind nicht bereit oder verpflichtet, an Streitbeilegungsverfahren vor einerVerbraucherschlichtungsstelle teilzunehmen. Quelle:eRecht24 Bildquellen Die Bilder sind entweder von mir und unterliegen dem Urheberrecht. &nbsp;Bilder d\u00fcrfen nur mit meiner ausdr\u00fccklichen Genehmigung weiter verwendet werden. Des weiteren werden Bilder von kostenlosen [&hellip;]<\/p>\n","protected":false},"author":1,"featured_media":0,"parent":0,"menu_order":0,"comment_status":"closed","ping_status":"closed","template":"","meta":{"_uag_custom_page_level_css":"","site-sidebar-layout":"default","site-content-layout":"","ast-site-content-layout":"default","site-content-style":"default","site-sidebar-style":"default","ast-global-header-display":"","ast-banner-title-visibility":"","ast-main-header-display":"","ast-hfb-above-header-display":"","ast-hfb-below-header-display":"","ast-hfb-mobile-header-display":"","site-post-title":"","ast-breadcrumbs-content":"","ast-featured-img":"","footer-sml-layout":"","ast-disable-related-posts":"","theme-transparent-header-meta":"","adv-header-id-meta":"","stick-header-meta":"","header-above-stick-meta":"","header-main-stick-meta":"","header-below-stick-meta":"","astra-migrate-meta-layouts":"set","ast-page-background-enabled":"default","ast-page-background-meta":{"desktop":{"background-color":"","background-image":"","background-repeat":"repeat","background-position":"center center","background-size":"auto","background-attachment":"scroll","background-type":"","background-media":"","overlay-type":"","overlay-color":"","overlay-opacity":"","overlay-gradient":""},"tablet":{"background-color":"","background-image":"","background-repeat":"repeat","background-position":"center center","background-size":"auto","background-attachment":"scroll","background-type":"","background-media":"","overlay-type":"","overlay-color":"","overlay-opacity":"","overlay-gradient":""},"mobile":{"background-color":"","background-image":"","background-repeat":"repeat","background-position":"center center","background-size":"auto","background-attachment":"scroll","background-type":"","background-media":"","overlay-type":"","overlay-color":"","overlay-opacity":"","overlay-gradient":""}},"ast-content-background-meta":{"desktop":{"background-color":"var(--ast-global-color-5)","background-image":"","background-repeat":"repeat","background-position":"center center","background-size":"auto","background-attachment":"scroll","background-type":"","background-media":"","overlay-type":"","overlay-color":"","overlay-opacity":"","overlay-gradient":""},"tablet":{"background-color":"var(--ast-global-color-5)","background-image":"","background-repeat":"repeat","background-position":"center center","background-size":"auto","background-attachment":"scroll","background-type":"","background-media":"","overlay-type":"","overlay-color":"","overlay-opacity":"","overlay-gradient":""},"mobile":{"background-color":"var(--ast-global-color-5)","background-image":"","background-repeat":"repeat","background-position":"center center","background-size":"auto","background-attachment":"scroll","background-type":"","background-media":"","overlay-type":"","overlay-color":"","overlay-opacity":"","overlay-gradient":""}},"footnotes":""},"class_list":["post-2476","page","type-page","status-publish","hentry"],"yoast_head":"<!-- This site is optimized with the Yoast SEO plugin v27.3 - https:\/\/yoast.com\/product\/yoast-seo-wordpress\/ -->\n<title>Impressum - FRUITS &amp; FREEDOM<\/title>\n<meta name=\"robots\" content=\"index, follow, max-snippet:-1, max-image-preview:large, max-video-preview:-1\" \/>\n<link rel=\"canonical\" href=\"https:\/\/fruitsandfreedom.com\/de\/impressum\/\" \/>\n<meta property=\"og:locale\" content=\"de_DE\" \/>\n<meta property=\"og:type\" content=\"article\" \/>\n<meta property=\"og:title\" content=\"Impressum - FRUITS &amp; FREEDOM\" \/>\n<meta property=\"og:description\" content=\"Sabine MenzelVondelstr. 5050677 K\u00f6ln KontaktTelefon: [Telefonnummer]E-Mail: sabine@fruitsandfreedom.com Redaktionell verantwortlichSabine Menzel EU-StreitschlichtungDie Europ\u00e4ische Kommission stellt eine Plattform zur Online-Streitbeilegung (OS) bereit:https:\/\/ec.europa.eu\/consumers\/odr\/.Unsere E-Mail-Adresse finden Sie oben im Impressum. Verbraucherstreitbeilegung\/UniversalschlichtungsstelleWir sind nicht bereit oder verpflichtet, an Streitbeilegungsverfahren vor einerVerbraucherschlichtungsstelle teilzunehmen. Quelle:eRecht24 Bildquellen Die Bilder sind entweder von mir und unterliegen dem Urheberrecht. &nbsp;Bilder d\u00fcrfen nur mit meiner ausdr\u00fccklichen Genehmigung weiter verwendet werden. Des weiteren werden Bilder von kostenlosen [&hellip;]\" \/>\n<meta property=\"og:url\" content=\"https:\/\/fruitsandfreedom.com\/de\/impressum\/\" \/>\n<meta property=\"og:site_name\" content=\"FRUITS &amp; FREEDOM\" \/>\n<meta property=\"article:modified_time\" content=\"2024-09-23T12:56:09+00:00\" \/>\n<meta name=\"twitter:card\" content=\"summary_large_image\" \/>\n<meta name=\"twitter:label1\" content=\"Gesch\u00e4tzte Lesezeit\" \/>\n\t<meta name=\"twitter:data1\" content=\"1\u00a0Minute\" \/>\n<script type=\"application\/ld+json\" class=\"yoast-schema-graph\">{\"@context\":\"https:\\\/\\\/schema.org\",\"@graph\":[{\"@type\":\"WebPage\",\"@id\":\"https:\\\/\\\/fruitsandfreedom.com\\\/impressum\\\/\",\"url\":\"https:\\\/\\\/fruitsandfreedom.com\\\/impressum\\\/\",\"name\":\"Impressum - FRUITS &amp; FREEDOM\",\"isPartOf\":{\"@id\":\"https:\\\/\\\/fruitsandfreedom.com\\\/#website\"},\"datePublished\":\"2024-09-23T12:12:46+00:00\",\"dateModified\":\"2024-09-23T12:56:09+00:00\",\"breadcrumb\":{\"@id\":\"https:\\\/\\\/fruitsandfreedom.com\\\/impressum\\\/#breadcrumb\"},\"inLanguage\":\"de\",\"potentialAction\":[{\"@type\":\"ReadAction\",\"target\":[\"https:\\\/\\\/fruitsandfreedom.com\\\/impressum\\\/\"]}]},{\"@type\":\"BreadcrumbList\",\"@id\":\"https:\\\/\\\/fruitsandfreedom.com\\\/impressum\\\/#breadcrumb\",\"itemListElement\":[{\"@type\":\"ListItem\",\"position\":1,\"name\":\"Startseite\",\"item\":\"https:\\\/\\\/fruitsandfreedom.com\\\/\"},{\"@type\":\"ListItem\",\"position\":2,\"name\":\"Impressum\"}]},{\"@type\":\"WebSite\",\"@id\":\"https:\\\/\\\/fruitsandfreedom.com\\\/#website\",\"url\":\"https:\\\/\\\/fruitsandfreedom.com\\\/\",\"name\":\"FRUITS & FREEDOM\",\"description\":\"\",\"publisher\":{\"@id\":\"https:\\\/\\\/fruitsandfreedom.com\\\/#organization\"},\"potentialAction\":[{\"@type\":\"SearchAction\",\"target\":{\"@type\":\"EntryPoint\",\"urlTemplate\":\"https:\\\/\\\/fruitsandfreedom.com\\\/?s={search_term_string}\"},\"query-input\":{\"@type\":\"PropertyValueSpecification\",\"valueRequired\":true,\"valueName\":\"search_term_string\"}}],\"inLanguage\":\"de\"},{\"@type\":\"Organization\",\"@id\":\"https:\\\/\\\/fruitsandfreedom.com\\\/#organization\",\"name\":\"FRUITS & FREEDOM\",\"url\":\"https:\\\/\\\/fruitsandfreedom.com\\\/\",\"logo\":{\"@type\":\"ImageObject\",\"inLanguage\":\"de\",\"@id\":\"https:\\\/\\\/fruitsandfreedom.com\\\/#\\\/schema\\\/logo\\\/image\\\/\",\"url\":\"https:\\\/\\\/fruitsandfreedom.com\\\/wp-content\\\/uploads\\\/2024\\\/07\\\/cropped-cropped-cropped-Black-Handwritten-Signature-Studio-Logo-2-1.png\",\"contentUrl\":\"https:\\\/\\\/fruitsandfreedom.com\\\/wp-content\\\/uploads\\\/2024\\\/07\\\/cropped-cropped-cropped-Black-Handwritten-Signature-Studio-Logo-2-1.png\",\"width\":338,\"height\":136,\"caption\":\"FRUITS & FREEDOM\"},\"image\":{\"@id\":\"https:\\\/\\\/fruitsandfreedom.com\\\/#\\\/schema\\\/logo\\\/image\\\/\"}}]}<\/script>\n<!-- \/ Yoast SEO plugin. -->","yoast_head_json":{"title":"Impressum - FRUITS &amp; FREEDOM","robots":{"index":"index","follow":"follow","max-snippet":"max-snippet:-1","max-image-preview":"max-image-preview:large","max-video-preview":"max-video-preview:-1"},"canonical":"https:\/\/fruitsandfreedom.com\/de\/impressum\/","og_locale":"de_DE","og_type":"article","og_title":"Impressum - FRUITS &amp; FREEDOM","og_description":"Sabine MenzelVondelstr. 5050677 K\u00f6ln KontaktTelefon: [Telefonnummer]E-Mail: sabine@fruitsandfreedom.com Redaktionell verantwortlichSabine Menzel EU-StreitschlichtungDie Europ\u00e4ische Kommission stellt eine Plattform zur Online-Streitbeilegung (OS) bereit:https:\/\/ec.europa.eu\/consumers\/odr\/.Unsere E-Mail-Adresse finden Sie oben im Impressum. Verbraucherstreitbeilegung\/UniversalschlichtungsstelleWir sind nicht bereit oder verpflichtet, an Streitbeilegungsverfahren vor einerVerbraucherschlichtungsstelle teilzunehmen. Quelle:eRecht24 Bildquellen Die Bilder sind entweder von mir und unterliegen dem Urheberrecht. &nbsp;Bilder d\u00fcrfen nur mit meiner ausdr\u00fccklichen Genehmigung weiter verwendet werden. Des weiteren werden Bilder von kostenlosen [&hellip;]","og_url":"https:\/\/fruitsandfreedom.com\/de\/impressum\/","og_site_name":"FRUITS &amp; FREEDOM","article_modified_time":"2024-09-23T12:56:09+00:00","twitter_card":"summary_large_image","twitter_misc":{"Gesch\u00e4tzte Lesezeit":"1\u00a0Minute"},"schema":{"@context":"https:\/\/schema.org","@graph":[{"@type":"WebPage","@id":"https:\/\/fruitsandfreedom.com\/impressum\/","url":"https:\/\/fruitsandfreedom.com\/impressum\/","name":"Impressum - FRUITS &amp; FREEDOM","isPartOf":{"@id":"https:\/\/fruitsandfreedom.com\/#website"},"datePublished":"2024-09-23T12:12:46+00:00","dateModified":"2024-09-23T12:56:09+00:00","breadcrumb":{"@id":"https:\/\/fruitsandfreedom.com\/impressum\/#breadcrumb"},"inLanguage":"de","potentialAction":[{"@type":"ReadAction","target":["https:\/\/fruitsandfreedom.com\/impressum\/"]}]},{"@type":"BreadcrumbList","@id":"https:\/\/fruitsandfreedom.com\/impressum\/#breadcrumb","itemListElement":[{"@type":"ListItem","position":1,"name":"Startseite","item":"https:\/\/fruitsandfreedom.com\/"},{"@type":"ListItem","position":2,"name":"Impressum"}]},{"@type":"WebSite","@id":"https:\/\/fruitsandfreedom.com\/#website","url":"https:\/\/fruitsandfreedom.com\/","name":"FRUITS & FREEDOM","description":"","publisher":{"@id":"https:\/\/fruitsandfreedom.com\/#organization"},"potentialAction":[{"@type":"SearchAction","target":{"@type":"EntryPoint","urlTemplate":"https:\/\/fruitsandfreedom.com\/?s={search_term_string}"},"query-input":{"@type":"PropertyValueSpecification","valueRequired":true,"valueName":"search_term_string"}}],"inLanguage":"de"},{"@type":"Organization","@id":"https:\/\/fruitsandfreedom.com\/#organization","name":"FRUITS & FREEDOM","url":"https:\/\/fruitsandfreedom.com\/","logo":{"@type":"ImageObject","inLanguage":"de","@id":"https:\/\/fruitsandfreedom.com\/#\/schema\/logo\/image\/","url":"https:\/\/fruitsandfreedom.com\/wp-content\/uploads\/2024\/07\/cropped-cropped-cropped-Black-Handwritten-Signature-Studio-Logo-2-1.png","contentUrl":"https:\/\/fruitsandfreedom.com\/wp-content\/uploads\/2024\/07\/cropped-cropped-cropped-Black-Handwritten-Signature-Studio-Logo-2-1.png","width":338,"height":136,"caption":"FRUITS & FREEDOM"},"image":{"@id":"https:\/\/fruitsandfreedom.com\/#\/schema\/logo\/image\/"}}]}},"uagb_featured_image_src":{"full":false,"thumbnail":false,"medium":false,"medium_large":false,"large":false,"1536x1536":false,"2048x2048":false,"trp-custom-language-flag":false},"uagb_author_info":{"display_name":"Fruits and Freedom","author_link":"https:\/\/fruitsandfreedom.com\/de\/author\/fruitsandfreedom\/"},"uagb_comment_info":0,"uagb_excerpt":"Sabine MenzelVondelstr. 5050677 K\u00f6ln KontaktTelefon: [Telefonnummer]E-Mail: sabine@fruitsandfreedom.com Redaktionell verantwortlichSabine Menzel EU-StreitschlichtungDie Europ\u00e4ische Kommission stellt eine Plattform zur Online-Streitbeilegung (OS) bereit:https:\/\/ec.europa.eu\/consumers\/odr\/.Unsere E-Mail-Adresse finden Sie oben im Impressum. Verbraucherstreitbeilegung\/UniversalschlichtungsstelleWir sind nicht bereit oder verpflichtet, an Streitbeilegungsverfahren vor einerVerbraucherschlichtungsstelle teilzunehmen. Quelle:eRecht24 Bildquellen Die Bilder sind entweder von mir und unterliegen dem Urheberrecht. &nbsp;Bilder d\u00fcrfen nur mit meiner ausdr\u00fccklichen&hellip;","_links":{"self":[{"href":"https:\/\/fruitsandfreedom.com\/de\/wp-json\/wp\/v2\/pages\/2476","targetHints":{"allow":["GET"]}}],"collection":[{"href":"https:\/\/fruitsandfreedom.com\/de\/wp-json\/wp\/v2\/pages"}],"about":[{"href":"https:\/\/fruitsandfreedom.com\/de\/wp-json\/wp\/v2\/types\/page"}],"author":[{"embeddable":true,"href":"https:\/\/fruitsandfreedom.com\/de\/wp-json\/wp\/v2\/users\/1"}],"replies":[{"embeddable":true,"href":"https:\/\/fruitsandfreedom.com\/de\/wp-json\/wp\/v2\/comments?post=2476"}],"version-history":[{"count":3,"href":"https:\/\/fruitsandfreedom.com\/de\/wp-json\/wp\/v2\/pages\/2476\/revisions"}],"predecessor-version":[{"id":2483,"href":"https:\/\/fruitsandfreedom.com\/de\/wp-json\/wp\/v2\/pages\/2476\/revisions\/2483"}],"wp:attachment":[{"href":"https:\/\/fruitsandfreedom.com\/de\/wp-json\/wp\/v2\/media?parent=2476"}],"curies":[{"name":"wp","href":"https:\/\/api.w.org\/{rel}","templated":true}]}}